{"id":683,"date":"2022-11-22T19:44:06","date_gmt":"2022-11-22T19:44:06","guid":{"rendered":"https:\/\/szkola-nr-1.pl\/?page_id=683"},"modified":"2026-04-22T18:18:33","modified_gmt":"2026-04-22T18:18:33","slug":"technik-ogrodnik","status":"publish","type":"page","link":"https:\/\/szkola1.pl\/index.php\/technik-ogrodnik\/","title":{"rendered":"Technik cyberbezpiecze\u0144stwa"},"content":{"rendered":"\n<figure class=\"wp-block-image size-large\"><img loading=\"lazy\" decoding=\"async\" width=\"1024\" height=\"576\" src=\"https:\/\/szkola1.pl\/wp-content\/uploads\/2026\/03\/Slajd15-1-1024x576.jpg\" alt=\"\" class=\"wp-image-8076\" srcset=\"https:\/\/szkola1.pl\/wp-content\/uploads\/2026\/03\/Slajd15-1-1024x576.jpg 1024w, https:\/\/szkola1.pl\/wp-content\/uploads\/2026\/03\/Slajd15-1-300x169.jpg 300w, https:\/\/szkola1.pl\/wp-content\/uploads\/2026\/03\/Slajd15-1-768x432.jpg 768w, https:\/\/szkola1.pl\/wp-content\/uploads\/2026\/03\/Slajd15-1-1536x864.jpg 1536w, https:\/\/szkola1.pl\/wp-content\/uploads\/2026\/03\/Slajd15-1.jpg 1707w\" sizes=\"(max-width: 1024px) 100vw, 1024px\" \/><\/figure>\n\n\n\n<p class=\"has-text-align-center\"><strong>KWALIFIKACJE<\/strong><\/p>\n\n\n\n<p class=\"has-text-align-center\"><strong>INF.11. <\/strong><\/p>\n\n\n\n<p class=\"has-text-align-center\">Bezpiecze\u0144stwo system\u00f3w i sieci<br><strong>INF.12. <\/strong><\/p>\n\n\n\n<p class=\"has-text-align-center\">Administrowanie informacjami<\/p>\n\n\n\n<p class=\"has-text-align-center\"><strong>G\u0141\u00d3WNE ZADANIA I CZYNNO\u015aCI ZAWODOWE<\/strong><\/p>\n\n\n\n<p>Absolwent szko\u0142y prowadz\u0105cej kszta\u0142cenie w zawodzie technik cyberbezpiecze\u0144stwa powinien by\u0107 przygotowany do wykonywania zada\u0144 zawodowych: w zakresie kwalifikacji <strong>INF.11.<\/strong> Bezpiecze\u0144stwo system\u00f3w i sieci oraz w zakresie kwalifikacji <strong>INF.12. <\/strong><\/p>\n\n\n\n<p class=\"has-text-align-center\"><strong>UMIEJ\u0118TNO\u015aCI, KT\u00d3RE NAB\u0118DZIESZ W TECHNIKUM<\/strong><\/p>\n\n\n\n<ul class=\"wp-block-list\">\n<li>Podstawy informatyki i system\u00f3w operacyjnych (Windows, Linux),<\/li>\n\n\n\n<li>Budowa i konfiguracja sieci komputerowych (LAN, WAN, urz\u0105dzenia sieciowe),<\/li>\n\n\n\n<li>Zabezpieczanie system\u00f3w i sieci przed cyberatakami,<\/li>\n\n\n\n<li>Ochrona danych osobowych i informacji wra\u017cliwych,<\/li>\n\n\n\n<li>Wykrywanie i analizowanie zagro\u017ce\u0144 cybernetycznych,<\/li>\n\n\n\n<li>Testowanie podatno\u015bci system\u00f3w (podstawy test\u00f3w penetracyjnych),<\/li>\n\n\n\n<li>Kryptografia i metody szyfrowania danych,<\/li>\n\n\n\n<li>Monitorowanie ruchu sieciowego i analizy log\u00f3w systemowych,<\/li>\n\n\n\n<li>Tworzenie kopii zapasowych oraz odzyskiwania danych,<\/li>\n\n\n\n<li>Tworzenie dokumentacji technicznej i procedur bezpiecze\u0144stwa,<\/li>\n\n\n\n<li>Przepisy prawa dotycz\u0105cych cyberbezpiecze\u0144stwa i ochrony danych (RODO).<\/li>\n<\/ul>\n\n\n\n<p class=\"has-text-align-center\"><strong>PREDYSPOZYCJE DO WYKONYWANIA ZAWODU<\/strong><\/p>\n\n\n\n<p>\u2022 analityczne my\u015blenie;<br>\u2022 zdolno\u015b\u0107 do pracy z du\u017c\u0105 ilo\u015bci\u0105 informacji;<br>\u2022 cierpliwo\u015b\u0107;<br>\u2022 dok\u0142adno\u015b\u0107;<br>\u2022 zainteresowanie nowymi technologiami;<br>\u2022 umiej\u0119tno\u015b\u0107 pracy w zespole.<\/p>\n\n\n\n<p class=\"has-text-align-center\"><strong>MO\u017bLIWO\u015aCI PRACY W ZAWODZIE<\/strong><\/p>\n\n\n\n<ul class=\"wp-block-list\">\n<li>M\u0142odszy specjalista ds. cyberbezpiecze\u0144stwa,<\/li>\n\n\n\n<li>Administrator system\u00f3w i sieci komputerowych,<\/li>\n\n\n\n<li>Analityk bezpiecze\u0144stwa IT (junior SOC analyst),<\/li>\n\n\n\n<li>Specjalista ds. ochrony danych,<\/li>\n\n\n\n<li>Tester bezpiecze\u0144stwa (junior pentester),<\/li>\n\n\n\n<li>Specjalista ds. wsparcia technicznego IT.<\/li>\n<\/ul>\n","protected":false},"excerpt":{"rendered":"<p>KWALIFIKACJE INF.11. Bezpiecze\u0144stwo system\u00f3w i sieciINF.12. Administrowanie informacjami G\u0141\u00d3WNE ZADANIA I CZYNNO\u015aCI ZAWODOWE Absolwent szko\u0142y prowadz\u0105cej kszta\u0142cenie w zawodzie technik cyberbezpiecze\u0144stwa powinien by\u0107 przygotowany do wykonywania zada\u0144 zawodowych: w zakresie kwalifikacji INF.11. Bezpiecze\u0144stwo system\u00f3w i sieci oraz w zakresie kwalifikacji INF.12. UMIEJ\u0118TNO\u015aCI, KT\u00d3RE NAB\u0118DZIESZ W TECHNIKUM PREDYSPOZYCJE DO WYKONYWANIA ZAWODU \u2022 analityczne my\u015blenie;\u2022 zdolno\u015b\u0107 do pracy z du\u017c\u0105 ilo\u015bci\u0105 informacji;\u2022 [&hellip;]<\/p>\n","protected":false},"author":2,"featured_media":8105,"parent":0,"menu_order":0,"comment_status":"closed","ping_status":"closed","template":"","meta":{"saved_in_kubio":false,"_eb_attr":"","footnotes":""},"class_list":["post-683","page","type-page","status-publish","has-post-thumbnail","hentry"],"kubio_ai_page_context":{"short_desc":"","purpose":"general"},"_links":{"self":[{"href":"https:\/\/szkola1.pl\/index.php\/wp-json\/wp\/v2\/pages\/683","targetHints":{"allow":["GET"]}}],"collection":[{"href":"https:\/\/szkola1.pl\/index.php\/wp-json\/wp\/v2\/pages"}],"about":[{"href":"https:\/\/szkola1.pl\/index.php\/wp-json\/wp\/v2\/types\/page"}],"author":[{"embeddable":true,"href":"https:\/\/szkola1.pl\/index.php\/wp-json\/wp\/v2\/users\/2"}],"replies":[{"embeddable":true,"href":"https:\/\/szkola1.pl\/index.php\/wp-json\/wp\/v2\/comments?post=683"}],"version-history":[{"count":8,"href":"https:\/\/szkola1.pl\/index.php\/wp-json\/wp\/v2\/pages\/683\/revisions"}],"predecessor-version":[{"id":8077,"href":"https:\/\/szkola1.pl\/index.php\/wp-json\/wp\/v2\/pages\/683\/revisions\/8077"}],"wp:featuredmedia":[{"embeddable":true,"href":"https:\/\/szkola1.pl\/index.php\/wp-json\/wp\/v2\/media\/8105"}],"wp:attachment":[{"href":"https:\/\/szkola1.pl\/index.php\/wp-json\/wp\/v2\/media?parent=683"}],"curies":[{"name":"wp","href":"https:\/\/api.w.org\/{rel}","templated":true}]}}