{"id":619,"date":"2022-11-14T18:13:13","date_gmt":"2022-11-14T18:13:13","guid":{"rendered":"https:\/\/szkola-nr-1.pl\/?page_id=619"},"modified":"2025-03-12T11:45:26","modified_gmt":"2025-03-12T11:45:26","slug":"zespol-ds-pomocy-psychologiczno-pedagogicznej","status":"publish","type":"page","link":"https:\/\/szkola1.pl\/index.php\/zespol-ds-pomocy-psychologiczno-pedagogicznej\/","title":{"rendered":"Zesp\u00f3\u0142 ds. Pomocy Psychologiczno-Pedagogicznej"},"content":{"rendered":"\n<p><\/p>\n\n\n\n<div class=\"wp-block-essential-blocks-image-gallery\"><div class=\"eb-parent-wrapper eb-parent-eb-image-gallery-uglf1r5 \"><div class=\"eb-gallery-img-wrapper eb-image-gallery-uglf1r5 grid overlay-bottom caption-style-0  \" data-id=\"eb-image-gallery-uglf1r5\"><a href=\"javascript:void(0)\" id=\"eb-gallery-img-content\" class=\"eb-gallery-img-content eb-filter-img-\"><span class=\"eb-gallery-link-wrapper\"><img decoding=\"async\" class=\"eb-gallery-img\" src=\"https:\/\/szkola1.pl\/wp-content\/uploads\/2025\/03\/482395334_1810554806396339_8341492560312252366_n.jpg\" image-index=\"0\"\/><span class=\"eb-gallery-img-caption center bottom\">Dorota Ku\u0142akowska &#8211; pedagog<\/span><\/span><\/a><a href=\"javascript:void(0)\" id=\"eb-gallery-img-content\" class=\"eb-gallery-img-content eb-filter-img-\"><span class=\"eb-gallery-link-wrapper\"><img decoding=\"async\" class=\"eb-gallery-img\" src=\"https:\/\/szkola1.pl\/wp-content\/uploads\/2025\/03\/482811491_1580169269364700_810628117525696210_n.jpg\" image-index=\"1\"\/><span class=\"eb-gallery-img-caption center bottom\">Maja Szulc &#8211; psycholog<\/span><\/span><\/a><a href=\"javascript:void(0)\" id=\"eb-gallery-img-content\" class=\"eb-gallery-img-content eb-filter-img-\"><span class=\"eb-gallery-link-wrapper\"><img decoding=\"async\" class=\"eb-gallery-img\" src=\"https:\/\/szkola1.pl\/wp-content\/uploads\/2025\/03\/481296939_1219499613122323_8186498780536931734_n.jpg\" image-index=\"2\"\/><span class=\"eb-gallery-img-caption center bottom\">Edyta Kisiel &#8211; pedagog specjalny<\/span><\/span><\/a><a href=\"javascript:void(0)\" id=\"eb-gallery-img-content\" class=\"eb-gallery-img-content eb-filter-img-\"><span class=\"eb-gallery-link-wrapper\"><img decoding=\"async\" class=\"eb-gallery-img\" src=\"https:\/\/szkola1.pl\/wp-content\/uploads\/2025\/03\/482981457_9659327290765311_6506540380479702759_n.jpg\" image-index=\"3\"\/><span class=\"eb-gallery-img-caption center bottom\">Paulina Mr\u00f3wczy\u0144ska &#8211; nauczyciel wsp\u00f3\u0142organizuj\u0105cy<\/span><\/span><\/a><\/div><\/div><\/div>\n","protected":false},"excerpt":{"rendered":"","protected":false},"author":1,"featured_media":0,"parent":0,"menu_order":0,"comment_status":"closed","ping_status":"closed","template":"","meta":{"saved_in_kubio":false,"_eb_attr":"","footnotes":""},"class_list":["post-619","page","type-page","status-publish","hentry"],"kubio_ai_page_context":{"short_desc":"","purpose":"general"},"_links":{"self":[{"href":"https:\/\/szkola1.pl\/index.php\/wp-json\/wp\/v2\/pages\/619","targetHints":{"allow":["GET"]}}],"collection":[{"href":"https:\/\/szkola1.pl\/index.php\/wp-json\/wp\/v2\/pages"}],"about":[{"href":"https:\/\/szkola1.pl\/index.php\/wp-json\/wp\/v2\/types\/page"}],"author":[{"embeddable":true,"href":"https:\/\/szkola1.pl\/index.php\/wp-json\/wp\/v2\/users\/1"}],"replies":[{"embeddable":true,"href":"https:\/\/szkola1.pl\/index.php\/wp-json\/wp\/v2\/comments?post=619"}],"version-history":[{"count":15,"href":"https:\/\/szkola1.pl\/index.php\/wp-json\/wp\/v2\/pages\/619\/revisions"}],"predecessor-version":[{"id":5131,"href":"https:\/\/szkola1.pl\/index.php\/wp-json\/wp\/v2\/pages\/619\/revisions\/5131"}],"wp:attachment":[{"href":"https:\/\/szkola1.pl\/index.php\/wp-json\/wp\/v2\/media?parent=619"}],"curies":[{"name":"wp","href":"https:\/\/api.w.org\/{rel}","templated":true}]}}