{"id":399,"date":"2022-11-02T20:49:18","date_gmt":"2022-11-02T20:49:18","guid":{"rendered":"https:\/\/szkola-nr-1.pl\/?page_id=399"},"modified":"2026-03-27T17:32:28","modified_gmt":"2026-03-27T17:32:28","slug":"technik-mechanizacji-rolnictwa","status":"publish","type":"page","link":"https:\/\/szkola1.pl\/index.php\/technik-mechanizacji-rolnictwa\/","title":{"rendered":"Technik mechanizacji rolnictwa i agrotroniki"},"content":{"rendered":"\n<figure class=\"wp-block-image size-large\"><img loading=\"lazy\" decoding=\"async\" width=\"1024\" height=\"576\" src=\"https:\/\/szkola1.pl\/wp-content\/uploads\/2026\/03\/Slajd4-1024x576.jpg\" alt=\"\" class=\"wp-image-8051\" srcset=\"https:\/\/szkola1.pl\/wp-content\/uploads\/2026\/03\/Slajd4-1024x576.jpg 1024w, https:\/\/szkola1.pl\/wp-content\/uploads\/2026\/03\/Slajd4-300x169.jpg 300w, https:\/\/szkola1.pl\/wp-content\/uploads\/2026\/03\/Slajd4-768x432.jpg 768w, https:\/\/szkola1.pl\/wp-content\/uploads\/2026\/03\/Slajd4-1536x864.jpg 1536w, https:\/\/szkola1.pl\/wp-content\/uploads\/2026\/03\/Slajd4.jpg 1707w\" sizes=\"(max-width: 1024px) 100vw, 1024px\" \/><\/figure>\n\n\n\n<p class=\"has-text-align-center\"><strong>KWALIFIKACJE<\/strong><\/p>\n\n\n\n<p class=\"has-text-align-center\"><strong>ROL.02.<\/strong> <\/p>\n\n\n\n<p class=\"has-text-align-center\">eksploatacja pojazd\u00f3w, maszyn, urz\u0105dze\u0144 i narz\u0119dzi stosowanych w rolnictwie<br><\/p>\n\n\n\n<p class=\"has-text-align-center\"><strong>ROL.08. <\/strong><\/p>\n\n\n\n<p class=\"has-text-align-center\">eksploatacja system\u00f3w mechatronicznych w rolnictwie<\/p>\n\n\n\n<figure class=\"wp-block-image size-large\"><img loading=\"lazy\" decoding=\"async\" width=\"1024\" height=\"819\" src=\"https:\/\/szkola-nr-1.pl\/wp-content\/uploads\/2022\/11\/SYMULA1-1024x819.png\" alt=\"\" class=\"wp-image-639\" srcset=\"https:\/\/szkola1.pl\/wp-content\/uploads\/2022\/11\/SYMULA1-1024x819.png 1024w, https:\/\/szkola1.pl\/wp-content\/uploads\/2022\/11\/SYMULA1-300x240.png 300w, https:\/\/szkola1.pl\/wp-content\/uploads\/2022\/11\/SYMULA1-768x614.png 768w, https:\/\/szkola1.pl\/wp-content\/uploads\/2022\/11\/SYMULA1-1536x1229.png 1536w, https:\/\/szkola1.pl\/wp-content\/uploads\/2022\/11\/SYMULA1-500x400.png 500w, https:\/\/szkola1.pl\/wp-content\/uploads\/2022\/11\/SYMULA1-800x640.png 800w, https:\/\/szkola1.pl\/wp-content\/uploads\/2022\/11\/SYMULA1-1280x1024.png 1280w, https:\/\/szkola1.pl\/wp-content\/uploads\/2022\/11\/SYMULA1-1920x1536.png 1920w, https:\/\/szkola1.pl\/wp-content\/uploads\/2022\/11\/SYMULA1.png 2000w\" sizes=\"(max-width: 1024px) 100vw, 1024px\" \/><\/figure>\n\n\n\n<p class=\"has-text-align-left\"><br>Kszta\u0142cenie w zawodzie technik mechanizacji rolnictwa i agrotroniki odbywa si\u0119:<br>\u2022 w pi\u0119cioletnim technikum;<br>\u2022 w dwuletniej bran\u017cowej szkole II stopnia dla absolwent\u00f3w trzyletniej bran\u017cowej szko\u0142y pierwszego stopnia;<br>\u2022 na kwalifikacyjnych kursach<br>zawodowych.<\/p>\n\n\n\n<p class=\"has-text-align-center\"><strong>G\u0141\u00d3WNE ZADANIA I CZYNNO\u015aCI ZAWODOWE<\/strong><\/p>\n\n\n\n<p>Absolwent szko\u0142y prowadz\u0105cej kszta\u0142cenie w zawodzie technik mechanizacji rolnictwa i agrotroniki powinien by\u0107 przygotowany do wykonywania zada\u0144 zawodowych: w zakresie kwalifikacji <strong>ROL.02.<\/strong> Eksploatacja pojazd\u00f3w, maszyn, urz\u0105dze\u0144 i narz\u0119dzi stosowanych w rolnictwie:<br>a) u\u017cytkowania pojazd\u00f3w, narz\u0119dzi, maszyn i urz\u0105dze\u0144 stosowanych<br>w produkcji rolniczej,<br>b) obs\u0142ugiwania pojazd\u00f3w rolniczych, \u015brodk\u00f3w transportu, maszyn i urz\u0105dze\u0144 stosowanych w rolnictwie,<br>c) oceniania stanu technicznego pojazd\u00f3w, maszyn i urz\u0105dze\u0144 rolniczych,<br>d) wykonywania prac pojazdami samochodowymi i ci\u0105gnikami<br>rolniczymi;<\/p>\n\n\n\n<p>i w zakresie kwalifikacji <strong>ROL.08.<\/strong> Eksploatacja system\u00f3w mechatronicznych w rolnictwie:<br>a) u\u017cytkowania urz\u0105dze\u0144 i system\u00f3w elektronicznych oraz nawigacji satelitarnych stosowanych w rolnictwie,<br>b) obs\u0142ugiwania urz\u0105dze\u0144, system\u00f3w elektronicznych oraz nawigacji satelitarnej stosowanych w pojazdach, maszynach i urz\u0105dzeniach rolniczych.<\/p>\n\n\n\n<p class=\"has-text-align-center\"><strong>PREDYSPOZYCJE DO WYKONYWANIA ZAWODU<\/strong><\/p>\n\n\n\n<p>\u2022 sprawno\u015b\u0107 uk\u0142adu mi\u0119\u015bniowego;<br>\u2022 odporno\u015b\u0107 na stres;<br>\u2022 rozumowanie logiczne;<br>\u2022 wysoka sprawno\u015b\u0107 manualna;<br>\u2022 zainteresowania techniczne;<br>\u2022 wyobra\u017ania przestrzenna;<br>\u2022 koordynacja wzrokowo-ruchowa;<br>\u2022 wyobra\u017ania konstrukcyjna i techniczna;<br>\u2022 zdolno\u015b\u0107 podejmowania decyzji;<br>\u2022 zarz\u0105dzanie ma\u0142ymi zespo\u0142ami;<br>\u2022 planowanie pracy w\u0142asnej i zespo\u0142owej;<br>\u2022 podzielno\u015b\u0107 uwagi;<br>\u2022 gotowo\u015b\u0107 do ci\u0105g\u0142ej nauki i nabywania nowych umiej\u0119tno\u015bci;<br>\u2022 gotowo\u015b\u0107 do pracy w r\u00f3\u017cnych warunkach \u015brodowiskowych.<\/p>\n\n\n<div class=\"wp-block-image\">\n<figure class=\"aligncenter size-large\"><img loading=\"lazy\" decoding=\"async\" width=\"410\" height=\"1024\" src=\"https:\/\/szkola-nr-1.pl\/wp-content\/uploads\/2022\/11\/Matura-rozszerzona-410x1024.png\" alt=\"\" class=\"wp-image-610\" srcset=\"https:\/\/szkola1.pl\/wp-content\/uploads\/2022\/11\/Matura-rozszerzona-410x1024.png 410w, https:\/\/szkola1.pl\/wp-content\/uploads\/2022\/11\/Matura-rozszerzona-120x300.png 120w, https:\/\/szkola1.pl\/wp-content\/uploads\/2022\/11\/Matura-rozszerzona-768x1920.png 768w, https:\/\/szkola1.pl\/wp-content\/uploads\/2022\/11\/Matura-rozszerzona-500x1250.png 500w, https:\/\/szkola1.pl\/wp-content\/uploads\/2022\/11\/Matura-rozszerzona.png 800w\" sizes=\"(max-width: 410px) 100vw, 410px\" \/><\/figure>\n<\/div>","protected":false},"excerpt":{"rendered":"<p>KWALIFIKACJE ROL.02. eksploatacja pojazd\u00f3w, maszyn, urz\u0105dze\u0144 i narz\u0119dzi stosowanych w rolnictwie ROL.08. eksploatacja system\u00f3w mechatronicznych w rolnictwie Kszta\u0142cenie w zawodzie technik mechanizacji rolnictwa i agrotroniki odbywa si\u0119:\u2022 w pi\u0119cioletnim technikum;\u2022 w dwuletniej bran\u017cowej szkole II stopnia dla absolwent\u00f3w trzyletniej bran\u017cowej szko\u0142y pierwszego stopnia;\u2022 na kwalifikacyjnych kursachzawodowych. G\u0141\u00d3WNE ZADANIA I CZYNNO\u015aCI ZAWODOWE Absolwent szko\u0142y prowadz\u0105cej kszta\u0142cenie w zawodzie technik mechanizacji rolnictwa [&hellip;]<\/p>\n","protected":false},"author":2,"featured_media":0,"parent":0,"menu_order":0,"comment_status":"closed","ping_status":"closed","template":"","meta":{"saved_in_kubio":false,"_eb_attr":"","footnotes":""},"class_list":["post-399","page","type-page","status-publish","hentry"],"kubio_ai_page_context":{"short_desc":"","purpose":"general"},"_links":{"self":[{"href":"https:\/\/szkola1.pl\/index.php\/wp-json\/wp\/v2\/pages\/399","targetHints":{"allow":["GET"]}}],"collection":[{"href":"https:\/\/szkola1.pl\/index.php\/wp-json\/wp\/v2\/pages"}],"about":[{"href":"https:\/\/szkola1.pl\/index.php\/wp-json\/wp\/v2\/types\/page"}],"author":[{"embeddable":true,"href":"https:\/\/szkola1.pl\/index.php\/wp-json\/wp\/v2\/users\/2"}],"replies":[{"embeddable":true,"href":"https:\/\/szkola1.pl\/index.php\/wp-json\/wp\/v2\/comments?post=399"}],"version-history":[{"count":12,"href":"https:\/\/szkola1.pl\/index.php\/wp-json\/wp\/v2\/pages\/399\/revisions"}],"predecessor-version":[{"id":8052,"href":"https:\/\/szkola1.pl\/index.php\/wp-json\/wp\/v2\/pages\/399\/revisions\/8052"}],"wp:attachment":[{"href":"https:\/\/szkola1.pl\/index.php\/wp-json\/wp\/v2\/media?parent=399"}],"curies":[{"name":"wp","href":"https:\/\/api.w.org\/{rel}","templated":true}]}}