{"id":375,"date":"2022-11-02T18:17:44","date_gmt":"2022-11-02T18:17:44","guid":{"rendered":"https:\/\/szkola-nr-1.pl\/?page_id=375"},"modified":"2022-12-12T17:56:57","modified_gmt":"2022-12-12T17:56:57","slug":"deklaracja-dostepnosci","status":"publish","type":"page","link":"https:\/\/szkola1.pl\/index.php\/deklaracja-dostepnosci\/","title":{"rendered":"Deklaracja dost\u0119pno\u015bci"},"content":{"rendered":"\n<h1 class=\"wp-block-heading\">Deklaracja dost\u0119pno\u015bci<\/h1>\n\n\n\n<p id=\"a11y-wstep\">ZESP\u00d3\u0141 SZK\u00d3\u0141 NR 1 CENTRUM KSZTA\u0141CENIA PRAKTYCZNEGO zobowi\u0105zuje si\u0119 zapewni\u0107 dost\u0119pno\u015b\u0107 swojej strony internetowej zgodnie z przepisami ustawy z dnia 4 kwietnia 2019 r. o dost\u0119pno\u015bci cyfrowej stron internetowych i aplikacji mobilnych podmiot\u00f3w publicznych Dz.U.2019.848 z dnia 8 maja 2019r. O\u015bwiadczenie w sprawie dost\u0119pno\u015bci ma zastosowanie do strony www <a href=\"https:\/\/szkola1.pl\/\" target=\"_blank\" rel=\"noreferrer noopener\">szkola1.pl<\/a><\/p>\n\n\n\n<h2 class=\"wp-block-heading\" id=\"\u201ea11y-kontakt\u201d\">Informacje zwrotne i dane kontaktowe<\/h2>\n\n\n\n<p><strong>Nazwa podmiotu:<\/strong> ZESP\u00d3\u0141 SZK\u00d3\u0141 NR 1 CENTRUM KSZTA\u0141CENIA PRAKTYCZNEGO<br><strong>Adres URL:<\/strong><br><strong>Data publikacji strony:<\/strong> 2014-10-11<br><strong>Data aktualizacji strony:<\/strong> 2020-09-01<br><strong>Data sporz\u0105dzenia deklaracji:<\/strong> 2020-09-23. Deklaracj\u0119 sporz\u0105dzono na podstawie samooceny przeprowadzonej przez podmiot publiczny.<br><strong>Dane kontaktowe:<\/strong> ul. Wyspia\u0144skiego 4, 87-700 Aleksandr\u00f3w Kujawski, tel: 54 282 46 78, e-mail: szkola@szkola1.pl<\/p>\n\n\n\n<p id=\"a11y-status\">Strona internetowa jest cz\u0119\u015bciowo zgodna z ustaw\u0105 z dnia 4 kwietnia 2019 r. o dost\u0119pno\u015bci cyfrowej stron internetowych i aplikacji mobilnych podmiot\u00f3w publicznych z powodu niezgodno\u015bci lub wy\u0142\u0105cze\u0144 wymienionych poni\u017cej:<\/p>\n\n\n\n<ul class=\"wp-block-list\">\n<li>filmy nie posiadaj\u0105 audiodeskrypcji , gdy\u017c w wi\u0119kszo\u015bci zosta\u0142y opublikowane przed wej\u015bciem w \u017cycie ustawy o dost\u0119pno\u015bci cyfrowej<\/li>\n\n\n\n<li>mapy s\u0105 wy\u0142\u0105czone z obowi\u0105zku zapewniania dost\u0119pno\u015bci<\/li>\n<\/ul>\n\n\n\n<p>W przypadku problem\u00f3w z dost\u0119pno\u015bci\u0105 strony internetowej prosimy o kontakt. Osob\u0105 kontaktow\u0105 jest \u0141ukasz Prze\u017adzi\u0119k, lukasz@dean26.pl. Kontaktowa\u0107 mo\u017cna si\u0119 tak\u017ce dzwoni\u0105c na numer telefonu (054) 282 46 78. T\u0105 sam\u0105 drog\u0105 mo\u017cna sk\u0142ada\u0107 wnioski o udost\u0119pnienie informacji niedost\u0119pnej oraz sk\u0142ada\u0107 skargi na brak zapewnienia dost\u0119pno\u015bci.<\/p>\n\n\n\n<p id=\"\u201da11y-procedura\u201d\">Ka\u017cdy ma prawo do wyst\u0105pienia z \u017c\u0105daniem zapewnienia dost\u0119pno\u015bci cyfrowej strony internetowej, aplikacji mobilnej lub jakiego\u015b ich elementu. Mo\u017cna tak\u017ce za\u017c\u0105da\u0107 udost\u0119pnienia informacji za pomoc\u0105 alternatywnego sposobu dost\u0119pu, na przyk\u0142ad przez odczytanie niedost\u0119pnego cyfrowo dokumentu, opisanie zawarto\u015bci filmu bez audiodeskrypcji itp. \u017b\u0105danie powinno zawiera\u0107 dane osoby zg\u0142aszaj\u0105cej \u017c\u0105danie, wskazanie, o kt\u00f3r\u0105 stron\u0119 internetow\u0105 lub aplikacj\u0119 mobiln\u0105 chodzi oraz spos\u00f3b kontaktu. Je\u017celi osoba \u017c\u0105daj\u0105ca zg\u0142asza potrzeb\u0119 otrzymania informacji za pomoc\u0105 alternatywnego sposobu dost\u0119pu,, powinna tak\u017ce okre\u015bli\u0107 dogodny dla niej spos\u00f3b przedstawienia tej informacji. Podmiot publiczny powinien zrealizowa\u0107 \u017c\u0105danie niezw\u0142ocznie, nie p\u00f3\u017aniej ni\u017c w ci\u0105gu 7 dni od dnia wyst\u0105pienia z \u017c\u0105daniem. Je\u017celi dotrzymanie tego terminu nie jest mo\u017cliwe, podmiot publiczny niezw\u0142ocznie informuje o tym wnosz\u0105cego \u017c\u0105danie, kiedy realizacja \u017c\u0105dania b\u0119dzie mo\u017cliwa, przy czym termin ten nie mo\u017ce by\u0107 d\u0142u\u017cszy ni\u017c 2 miesi\u0105ce od dnia wyst\u0105pienia z \u017c\u0105daniem. Je\u017celi zapewnienie dost\u0119pno\u015bci cyfrowej nie jest mo\u017cliwe, podmiot publiczny mo\u017ce zaproponowa\u0107 alternatywny spos\u00f3b dost\u0119pu do informacji. W przypadku, gdy podmiot publiczny odm\u00f3wi realizacji \u017c\u0105dania zapewnienia dost\u0119pno\u015bci lub alternatywnego sposobu dost\u0119pu do informacji, wnosz\u0105cy \u017c\u0105danie mo\u017cne z\u0142o\u017cy\u0107 skarg\u0119 w sprawie zapewniana dost\u0119pno\u015bci cyfrowej strony internetowej, aplikacji mobilnej lub elementu strony internetowej, lub aplikacji mobilnej. Po wyczerpaniu wskazanej wy\u017cej procedury mo\u017cna tak\u017ce z\u0142o\u017cy\u0107 wniosek do <a href=\"https:\/\/www.rpo.gov.pl\/pl\" target=\"_blank\" rel=\"noreferrer noopener\">Rzecznika Praw Obywatelskich.<\/a><\/p>\n\n\n\n<h2 class=\"wp-block-heading\" id=\"\u201da11y-architektura\u201d\">Dost\u0119pno\u015b\u0107 architektoniczna<\/h2>\n\n\n\n<p>Zesp\u00f3\u0142 Szk\u00f3\u0142 Nr 1 Centrum Kszta\u0142cenia Praktycznego mie\u015bci si\u0119:<\/p>\n\n\n\n<p>ul. Stanis\u0142awa Wyspia\u0144skiego 4<br>87-700 Aleksandr\u00f3w Kujawski,<\/p>\n\n\n\n<p>Szko\u0142a posiada kilka budynk\u00f3w, w kt\u00f3rych odbywaj\u0105 si\u0119 zaj\u0119cia dydaktyczne.<\/p>\n\n\n\n<p>W obr\u0119bie zabytkowego obiektu pa\u0142acowo-parkowego:<\/p>\n\n\n\n<ul class=\"wp-block-list\">\n<li>budynek g\u0142\u00f3wny szko\u0142y, w tym sekretariat \u2013 do budynku prowadz\u0105 dwa wej\u015bcia, do jednego prowadz\u0105 schody, drugie wej\u015bcie posiada podjazd dla w\u00f3zk\u00f3w inwalidzkich (dost\u0119p tylko na poziom parteru)<\/li>\n\n\n\n<li>budynek by\u0142ego internatu (sale dydaktyczne j\u0119zyk\u00f3w obcych) \u2013 do budynku prowadz\u0105 dwa wej\u015bcia, do jednego prowadz\u0105 schody oraz podjazd dla w\u00f3zk\u00f3w inwalidzkich (dost\u0119p tylko na poziom parteru), drugie wej\u015bcie posiada schody<\/li>\n\n\n\n<li>budynek zabytkowego pa\u0142acu \u2013 do budynku prowadzi jedno wej\u015bcie ze schodami, brak mo\u017cliwo\u015bci dost\u0119pu dla w\u00f3zk\u00f3w inwalidzkich<\/li>\n<\/ul>\n\n\n\n<p>W obr\u0119bie pracowni dydaktycznej (szklarni produkcyjnych) i pracowni mechanizacji rolnictwa:<\/p>\n\n\n\n<ul class=\"wp-block-list\">\n<li>budynek pracowni dydaktycznej &#8211; do budynku prowadzi jedno wej\u015bcie ze schodami, dost\u0119p dla w\u00f3zk\u00f3w inwalidzkich mo\u017ce by\u0107 zrealizowany za pomoc\u0105 schodo\u0142azu<\/li>\n\n\n\n<li>budynek mechanizacji rolnictwa &#8211; do budynku prowadzi jedno wej\u015bcie ze schodami, brak mo\u017cliwo\u015bci dost\u0119pu dla w\u00f3zk\u00f3w inwalidzkich<\/li>\n<\/ul>\n\n\n\n<p>Biuro Obs\u0142ugi Interesanta znajduje si\u0119 przy wej\u015bciu do g\u0142\u00f3wnego budynku szko\u0142y, na parterze budynku., pok\u00f3j nr 2<\/p>\n\n\n\n<p>We wszystkich budynkach nie ma windy.<\/p>\n\n\n\n<p>Toalet\u0119 dla os\u00f3b niepe\u0142nosprawnych posiada jedynie budynek pracowni dydaktycznej.<\/p>\n\n\n\n<p>Przed budynkiem g\u0142\u00f3wnym wyznaczono miejsca parkingowe; nie ma wyznaczonych miejsc parkingowych dla os\u00f3b niepe\u0142nosprawnych.<\/p>\n\n\n\n<p>Do budynku i wszystkich jego pomieszcze\u0144 mo\u017cna wej\u015b\u0107 z psem asystuj\u0105cym i psem przewodnikiem.<\/p>\n\n\n\n<p>W budynku nie ma oznacze\u0144 w alfabecie Braille\u2019a ani oznacze\u0144 kontrastowych lub w druku powi\u0119kszonym dla os\u00f3b niewidomych i s\u0142abowidz\u0105cych<\/p>\n\n\n\n<h2 class=\"wp-block-heading\">Dost\u0119pno\u015b\u0107 cyfrowa<\/h2>\n\n\n\n<p><strong>Wygl\u0105d strony:<\/strong><br>Opracowana strona jest zbudowana w spos\u00f3b spe\u0142niaj\u0105cy wymagania dost\u0119pno\u015bci.<br>W prawej dolnej cz\u0119\u015bci strony mo\u017cna wybra\u0107 opcj\u0119:<\/p>\n\n\n\n<figure class=\"wp-block-image size-full\"><img loading=\"lazy\" decoding=\"async\" width=\"78\" height=\"79\" src=\"https:\/\/szkola-nr-1.pl\/wp-content\/uploads\/2022\/12\/indeks.webp\" alt=\"\" class=\"wp-image-1229\"\/><\/figure>\n\n\n\n<p><br>Po wybraniu opcji pojawia si\u0119 Menu dost\u0119pno\u015bci (mo\u017cna r\u00f3wnie\u017c wybra\u0107 skr\u00f3t klawiaturowy CTRL + U):<br><\/p>\n\n\n\n<figure class=\"wp-block-image size-full\"><img loading=\"lazy\" decoding=\"async\" width=\"282\" height=\"511\" src=\"https:\/\/szkola-nr-1.pl\/wp-content\/uploads\/2022\/12\/xikona2.jpg.pagespeed.ic_.yGhXZ9La_r.webp\" alt=\"\" class=\"wp-image-1230\" srcset=\"https:\/\/szkola1.pl\/wp-content\/uploads\/2022\/12\/xikona2.jpg.pagespeed.ic_.yGhXZ9La_r.webp 282w, https:\/\/szkola1.pl\/wp-content\/uploads\/2022\/12\/xikona2.jpg.pagespeed.ic_.yGhXZ9La_r-166x300.webp 166w\" sizes=\"(max-width: 282px) 100vw, 282px\" \/><\/figure>\n\n\n\n<p><br>Dost\u0119pne opcj\u0119 s\u0105 opisane w j\u0119zyku polskim oraz prostym piktogramem. U\u017cytkownik ma m.in. mo\u017cliwo\u015b\u0107:<\/p>\n\n\n\n<ul class=\"wp-block-list\">\n<li>Ustawienia kontrastu (Na stronie internetowej kontrast spe\u0142nia wymagania WCAG na poziomie AAA)<\/li>\n\n\n\n<li>Nawigacja klawiatur\u0105<\/li>\n\n\n\n<li>Mo\u017cliwo\u015b\u0107 przeczytania tre\u015bci strony przez lektora<\/li>\n\n\n\n<li>Powi\u0119kszenie czcionki na stronie www<\/li>\n\n\n\n<li>Powi\u0119kszenie kursora na stronie www<\/li>\n\n\n\n<li>W\u0142\u0105czenie czcionek przyjaznych dyslektykom<\/li>\n\n\n\n<li>W\u0142\u0105czenie pod\u015bwietlenia link\u00f3w<\/li>\n\n\n\n<li>W\u0142\u0105czenie zwi\u0119kszenia odst\u0119p\u00f3w mi\u0119dzy teksatmi<\/li>\n<\/ul>\n\n\n\n<p>Strona jest dostosowana do ma\u0142ych ekran\u00f3w smartfon\u00f3w i tablet\u00f3w, mo\u017cna j\u0105 r\u00f3wnie\u017c swobodnie skalowa\u0107.<\/p>\n\n\n\n<p>Publikowane informacje zgromadzone s\u0105 menu w g\u00f3rnej cz\u0119\u015bci strony stronie. Menu jest podzielone na dzia\u0142y, na kt\u00f3re sk\u0142adaj\u0105 si\u0119 kolejne pozycje menu. Pozycje menu prowadz\u0105 bezpo\u015brednio do tre\u015bci podstrony lub te\u017c do kolejnego podmenu zawieraj\u0105cego szereg podstron z informacjami.<\/p>\n\n\n\n<p><strong>Zgodno\u015b\u0107 ze standardami<\/strong><br><\/p>\n\n\n\n<ul class=\"wp-block-list\">\n<li>HTML 5<\/li>\n\n\n\n<li>WCAG 2.1 (poziom AA)<\/li>\n<\/ul>\n","protected":false},"excerpt":{"rendered":"<p>Deklaracja dost\u0119pno\u015bci ZESP\u00d3\u0141 SZK\u00d3\u0141 NR 1 CENTRUM KSZTA\u0141CENIA PRAKTYCZNEGO zobowi\u0105zuje si\u0119 zapewni\u0107 dost\u0119pno\u015b\u0107 swojej strony internetowej zgodnie z przepisami ustawy z dnia 4 kwietnia 2019 r. o dost\u0119pno\u015bci cyfrowej stron internetowych i aplikacji mobilnych podmiot\u00f3w publicznych Dz.U.2019.848 z dnia 8 maja 2019r. O\u015bwiadczenie w sprawie dost\u0119pno\u015bci ma zastosowanie do strony www szkola1.pl Informacje zwrotne i dane kontaktowe Nazwa podmiotu: ZESP\u00d3\u0141 [&hellip;]<\/p>\n","protected":false},"author":1,"featured_media":0,"parent":0,"menu_order":0,"comment_status":"closed","ping_status":"closed","template":"page-templates\/full-width-container.php","meta":{"saved_in_kubio":false,"_eb_attr":"","footnotes":""},"class_list":["post-375","page","type-page","status-publish","hentry"],"kubio_ai_page_context":{"short_desc":"","purpose":"general"},"_links":{"self":[{"href":"https:\/\/szkola1.pl\/index.php\/wp-json\/wp\/v2\/pages\/375","targetHints":{"allow":["GET"]}}],"collection":[{"href":"https:\/\/szkola1.pl\/index.php\/wp-json\/wp\/v2\/pages"}],"about":[{"href":"https:\/\/szkola1.pl\/index.php\/wp-json\/wp\/v2\/types\/page"}],"author":[{"embeddable":true,"href":"https:\/\/szkola1.pl\/index.php\/wp-json\/wp\/v2\/users\/1"}],"replies":[{"embeddable":true,"href":"https:\/\/szkola1.pl\/index.php\/wp-json\/wp\/v2\/comments?post=375"}],"version-history":[{"count":2,"href":"https:\/\/szkola1.pl\/index.php\/wp-json\/wp\/v2\/pages\/375\/revisions"}],"predecessor-version":[{"id":1232,"href":"https:\/\/szkola1.pl\/index.php\/wp-json\/wp\/v2\/pages\/375\/revisions\/1232"}],"wp:attachment":[{"href":"https:\/\/szkola1.pl\/index.php\/wp-json\/wp\/v2\/media?parent=375"}],"curies":[{"name":"wp","href":"https:\/\/api.w.org\/{rel}","templated":true}]}}