{"id":299,"date":"2022-11-01T19:39:39","date_gmt":"2022-11-01T19:39:39","guid":{"rendered":"https:\/\/szkola-nr-1.pl\/?page_id=299"},"modified":"2026-01-09T13:36:57","modified_gmt":"2026-01-09T13:36:57","slug":"zespol-nauczycieli-jezykow-obcych","status":"publish","type":"page","link":"https:\/\/szkola1.pl\/index.php\/zespol-nauczycieli-jezykow-obcych\/","title":{"rendered":"Zesp\u00f3\u0142 nauczycieli j\u0119zyk\u00f3w obcych"},"content":{"rendered":"\n<h2 class=\"wp-block-heading\">j\u0119zyk angielski<\/h2>\n\n\n\n<div class=\"wp-block-essential-blocks-image-gallery\"><div class=\"eb-parent-wrapper eb-parent-eb-image-gallery-brjw8ef \"><div class=\"eb-gallery-img-wrapper eb-image-gallery-brjw8ef grid overlay-bottom caption-style-0  \" data-id=\"eb-image-gallery-brjw8ef\"><a href=\"https:\/\/szkola1.pl\/wp-content\/uploads\/2022\/12\/Ula.jpg\" id=\"eb-gallery-img-content\" data-fslightbox=\"gallery\" data-type=\"image\" class=\"eb-gallery-img-content eb-filter-img-\"><span class=\"eb-gallery-link-wrapper\"><img decoding=\"async\" class=\"eb-gallery-img\" src=\"https:\/\/szkola1.pl\/wp-content\/uploads\/2022\/12\/Ula.jpg\" image-index=\"0\"\/><span class=\"eb-gallery-img-caption center bottom\">Urszula Jurzysta &#8211; Kisielewska<\/span><\/span><\/a><a href=\"https:\/\/szkola1.pl\/wp-content\/uploads\/2022\/12\/Robert-Stodolny.jpg\" id=\"eb-gallery-img-content\" data-fslightbox=\"gallery\" data-type=\"image\" class=\"eb-gallery-img-content eb-filter-img-\"><span class=\"eb-gallery-link-wrapper\"><img decoding=\"async\" class=\"eb-gallery-img\" src=\"https:\/\/szkola1.pl\/wp-content\/uploads\/2022\/12\/Robert-Stodolny.jpg\" image-index=\"1\"\/><span class=\"eb-gallery-img-caption center bottom\">Robert Stodolny<\/span><\/span><\/a><a href=\"https:\/\/szkola1.pl\/wp-content\/uploads\/2022\/12\/Dawid-Domanowski-scaled.jpg\" id=\"eb-gallery-img-content\" data-fslightbox=\"gallery\" data-type=\"image\" class=\"eb-gallery-img-content eb-filter-img-\"><span class=\"eb-gallery-link-wrapper\"><img decoding=\"async\" class=\"eb-gallery-img\" src=\"https:\/\/szkola1.pl\/wp-content\/uploads\/2022\/12\/Dawid-Domanowski-scaled.jpg\" image-index=\"2\"\/><span class=\"eb-gallery-img-caption center bottom\">Dawid Domanowski<\/span><\/span><\/a><a href=\"https:\/\/szkola1.pl\/wp-content\/uploads\/2025\/03\/482500511_1688256541777314_1816532882075955351_n.jpg\" id=\"eb-gallery-img-content\" data-fslightbox=\"gallery\" data-type=\"image\" class=\"eb-gallery-img-content eb-filter-img-\"><span class=\"eb-gallery-link-wrapper\"><img decoding=\"async\" class=\"eb-gallery-img\" src=\"https:\/\/szkola1.pl\/wp-content\/uploads\/2025\/03\/482500511_1688256541777314_1816532882075955351_n.jpg\" image-index=\"3\"\/><span class=\"eb-gallery-img-caption center bottom\">Adrianna Niedzia\u0142kowska<\/span><\/span><\/a><a href=\"https:\/\/szkola1.pl\/wp-content\/uploads\/2025\/03\/1733590364755-1-scaled.jpg\" id=\"eb-gallery-img-content\" data-fslightbox=\"gallery\" data-type=\"image\" class=\"eb-gallery-img-content eb-filter-img-\"><span class=\"eb-gallery-link-wrapper\"><img decoding=\"async\" class=\"eb-gallery-img\" src=\"https:\/\/szkola1.pl\/wp-content\/uploads\/2025\/03\/1733590364755-1-scaled.jpg\" image-index=\"4\"\/><span class=\"eb-gallery-img-caption center bottom\">Ma\u0142gorzata Kaszak<\/span><\/span><\/a><\/div><\/div><\/div>\n\n\n\n<h2 class=\"wp-block-heading\">j\u0119zyk hiszpa\u0144ski<\/h2>\n\n\n\n<div class=\"wp-block-essential-blocks-image-gallery\"><div class=\"eb-parent-wrapper eb-parent-eb-image-gallery-c1u28x4 \"><div class=\"eb-gallery-img-wrapper eb-image-gallery-c1u28x4 grid overlay-bottom caption-style-0  \" data-id=\"eb-image-gallery-c1u28x4\"><a href=\"https:\/\/szkola1.pl\/wp-content\/uploads\/2025\/03\/483384134_675224485038428_5493774815926604069_n.jpg\" id=\"eb-gallery-img-content\" data-fslightbox=\"gallery\" data-type=\"image\" class=\"eb-gallery-img-content eb-filter-img-\"><span class=\"eb-gallery-link-wrapper\"><img decoding=\"async\" class=\"eb-gallery-img\" src=\"https:\/\/szkola1.pl\/wp-content\/uploads\/2025\/03\/483384134_675224485038428_5493774815926604069_n.jpg\" image-index=\"0\"\/><span class=\"eb-gallery-img-caption center bottom\">Juan Perez<\/span><\/span><\/a><a href=\"https:\/\/szkola1.pl\/wp-content\/uploads\/2025\/03\/482441043_655268366967222_105751619270784959_n.jpg\" id=\"eb-gallery-img-content\" data-fslightbox=\"gallery\" data-type=\"image\" class=\"eb-gallery-img-content eb-filter-img-\"><span class=\"eb-gallery-link-wrapper\"><img decoding=\"async\" class=\"eb-gallery-img\" src=\"https:\/\/szkola1.pl\/wp-content\/uploads\/2025\/03\/482441043_655268366967222_105751619270784959_n.jpg\" image-index=\"1\"\/><span class=\"eb-gallery-img-caption center bottom\">David Varela<\/span><\/span><\/a><\/div><\/div><\/div>\n\n\n\n<h2 class=\"wp-block-heading\" style=\"font-size:26px\"><\/h2>\n\n\n\n<p><\/p>\n\n\n\n<p><\/p>\n\n\n\n<p><\/p>\n\n\n\n<p><\/p>\n\n\n\n<p><\/p>\n\n\n\n<p><\/p>\n\n\n\n<p><\/p>\n\n\n\n<h2 class=\"wp-block-heading\"><\/h2>\n\n\n\n<p><\/p>\n","protected":false},"excerpt":{"rendered":"<p>j\u0119zyk angielski j\u0119zyk hiszpa\u0144ski<\/p>\n","protected":false},"author":2,"featured_media":0,"parent":0,"menu_order":0,"comment_status":"closed","ping_status":"closed","template":"","meta":{"saved_in_kubio":false,"_eb_attr":"","footnotes":""},"class_list":["post-299","page","type-page","status-publish","hentry"],"kubio_ai_page_context":{"short_desc":"","purpose":"general"},"_links":{"self":[{"href":"https:\/\/szkola1.pl\/index.php\/wp-json\/wp\/v2\/pages\/299","targetHints":{"allow":["GET"]}}],"collection":[{"href":"https:\/\/szkola1.pl\/index.php\/wp-json\/wp\/v2\/pages"}],"about":[{"href":"https:\/\/szkola1.pl\/index.php\/wp-json\/wp\/v2\/types\/page"}],"author":[{"embeddable":true,"href":"https:\/\/szkola1.pl\/index.php\/wp-json\/wp\/v2\/users\/2"}],"replies":[{"embeddable":true,"href":"https:\/\/szkola1.pl\/index.php\/wp-json\/wp\/v2\/comments?post=299"}],"version-history":[{"count":18,"href":"https:\/\/szkola1.pl\/index.php\/wp-json\/wp\/v2\/pages\/299\/revisions"}],"predecessor-version":[{"id":7428,"href":"https:\/\/szkola1.pl\/index.php\/wp-json\/wp\/v2\/pages\/299\/revisions\/7428"}],"wp:attachment":[{"href":"https:\/\/szkola1.pl\/index.php\/wp-json\/wp\/v2\/media?parent=299"}],"curies":[{"name":"wp","href":"https:\/\/api.w.org\/{rel}","templated":true}]}}