{"id":1385,"date":"2022-12-14T17:21:22","date_gmt":"2022-12-14T17:21:22","guid":{"rendered":"https:\/\/szkola-nr-1.pl\/?page_id=1385"},"modified":"2026-03-27T17:49:53","modified_gmt":"2026-03-27T17:49:53","slug":"technik-ochrony-srodowiska","status":"publish","type":"page","link":"https:\/\/szkola1.pl\/index.php\/technik-ochrony-srodowiska\/","title":{"rendered":"Technik ochrony \u015brodowiska"},"content":{"rendered":"\n<figure class=\"wp-block-image size-large\"><img loading=\"lazy\" decoding=\"async\" width=\"1024\" height=\"576\" src=\"https:\/\/szkola1.pl\/wp-content\/uploads\/2026\/03\/Slajd12-1024x576.jpg\" alt=\"\" class=\"wp-image-8069\" srcset=\"https:\/\/szkola1.pl\/wp-content\/uploads\/2026\/03\/Slajd12-1024x576.jpg 1024w, https:\/\/szkola1.pl\/wp-content\/uploads\/2026\/03\/Slajd12-300x169.jpg 300w, https:\/\/szkola1.pl\/wp-content\/uploads\/2026\/03\/Slajd12-768x432.jpg 768w, https:\/\/szkola1.pl\/wp-content\/uploads\/2026\/03\/Slajd12-1536x864.jpg 1536w, https:\/\/szkola1.pl\/wp-content\/uploads\/2026\/03\/Slajd12.jpg 1707w\" sizes=\"(max-width: 1024px) 100vw, 1024px\" \/><\/figure>\n\n\n\n<p class=\"has-text-align-center\"><strong>KWALIFIKACJE<\/strong><\/p>\n\n\n\n<p class=\"has-text-align-center\"><strong>CHM.05. <\/strong>Ocena stanu \u015brodowiska, planowanie i realizacja zada\u0144 w ochronie \u015brodowiska<\/p>\n\n\n\n<p class=\"has-text-align-center\"><strong>G\u0141\u00d3WNE ZADANIA I CZYNNO\u015aCI ZAWODOWE<\/strong><\/p>\n\n\n\n<p>Absolwent szko\u0142y prowadz\u0105cej kszta\u0142cenie w zawodzie technik ochrony \u015brodowiska powinien by\u0107 przygotowany do wykonywania zada\u0144 zawodowych w zakresie kwalifikacji <strong>CHM.05.<\/strong> Ocena stanu \u015brodowiska, planowanie i realizacja zada\u0144 w ochronie \u015brodowiska:<br>1) monitorowania poziomu zanieczyszcze\u0144 powietrza, w\u00f3d i gleb;<br>2) oceny stanu powietrza, w\u00f3d i gleb;<br>3) planowania i prowadzenia gospodarki odpadami;<br>4) planowania i realizacji dzia\u0142a\u0144 na rzecz ochrony \u015brodowiska.<\/p>\n\n\n\n<p class=\"has-text-align-center\"><strong>PREDYSPOZYCJE DO WYKONYWANIA ZAWODU<\/strong><\/p>\n\n\n\n<p>\u2022 og\u00f3lna dobra wydolno\u015b\u0107 fizyczna;<br>\u2022 sprawno\u015b\u0107 zmys\u0142u dotyku;<br>\u2022 sprawno\u015b\u0107 narz\u0105du wzroku i s\u0142uchu;<br>\u2022 ostro\u015b\u0107 wzroku i s\u0142uchu;<br>\u2022 rozr\u00f3\u017cnianie barw;<br>\u2022 zr\u0119czno\u015b\u0107 r\u0105k;<br>\u2022 zr\u0119czno\u015b\u0107 palc\u00f3w;<br>\u2022 komunikatywno\u015b\u0107;<br>\u2022 odporno\u015b\u0107 na stres;<br>\u2022 cierpliwo\u015b\u0107;<br>\u2022 dok\u0142adno\u015b\u0107;<br>\u2022 kreatywno\u015b\u0107;<br>\u2022 spostrzegawczo\u015b\u0107;<br>\u2022 wysoka sprawno\u015b\u0107 manualna;<br>\u2022 zainteresowania techniczne;<br>\u2022 wyobra\u017ania przestrzenna;<br>\u2022 koordynacja wzrokowo-ruchowa;<br>\u2022 wyobra\u017ania konstrukcyjna i techniczna;<br>\u2022 zdolno\u015b\u0107 podejmowania decyzji;<br>\u2022 planowanie pracy w\u0142asnej i zespo\u0142owej;<br>\u2022 podzielno\u015b\u0107 uwagi;<br>\u2022 gotowo\u015b\u0107 do ci\u0105g\u0142ej nauki i nabywania nowych<br>umiej\u0119tno\u015bci;<br>\u2022 gotowo\u015b\u0107 do pracy w szybkim tempie;<br>\u2022 gotowo\u015b\u0107 do pracy w r\u00f3\u017cnych warunkach \u015brodowiskowych;<br>\u2022 zdolno\u015bci analityczne.<\/p>\n\n\n\n<p class=\"has-text-align-center\"><strong>MO\u017bLIWO\u015aCI PRACY W ZAWODZIE<\/strong><\/p>\n\n\n<div class=\"wp-block-image\">\n<figure class=\"aligncenter size-large\"><img loading=\"lazy\" decoding=\"async\" width=\"410\" height=\"1024\" src=\"https:\/\/szkola-nr-1.pl\/wp-content\/uploads\/2023\/01\/ochrona-srodowiska-410x1024.png\" alt=\"\" class=\"wp-image-1765\" srcset=\"https:\/\/szkola1.pl\/wp-content\/uploads\/2023\/01\/ochrona-srodowiska-410x1024.png 410w, https:\/\/szkola1.pl\/wp-content\/uploads\/2023\/01\/ochrona-srodowiska-120x300.png 120w, https:\/\/szkola1.pl\/wp-content\/uploads\/2023\/01\/ochrona-srodowiska-768x1920.png 768w, https:\/\/szkola1.pl\/wp-content\/uploads\/2023\/01\/ochrona-srodowiska.png 800w\" sizes=\"(max-width: 410px) 100vw, 410px\" \/><\/figure>\n<\/div>","protected":false},"excerpt":{"rendered":"<p>KWALIFIKACJE CHM.05. Ocena stanu \u015brodowiska, planowanie i realizacja zada\u0144 w ochronie \u015brodowiska G\u0141\u00d3WNE ZADANIA I CZYNNO\u015aCI ZAWODOWE Absolwent szko\u0142y prowadz\u0105cej kszta\u0142cenie w zawodzie technik ochrony \u015brodowiska powinien by\u0107 przygotowany do wykonywania zada\u0144 zawodowych w zakresie kwalifikacji CHM.05. Ocena stanu \u015brodowiska, planowanie i realizacja zada\u0144 w ochronie \u015brodowiska:1) monitorowania poziomu zanieczyszcze\u0144 powietrza, w\u00f3d i gleb;2) oceny stanu powietrza, w\u00f3d i gleb;3) [&hellip;]<\/p>\n","protected":false},"author":2,"featured_media":0,"parent":0,"menu_order":0,"comment_status":"closed","ping_status":"closed","template":"","meta":{"saved_in_kubio":false,"_eb_attr":"","footnotes":""},"class_list":["post-1385","page","type-page","status-publish","hentry"],"kubio_ai_page_context":{"short_desc":"","purpose":"general"},"_links":{"self":[{"href":"https:\/\/szkola1.pl\/index.php\/wp-json\/wp\/v2\/pages\/1385","targetHints":{"allow":["GET"]}}],"collection":[{"href":"https:\/\/szkola1.pl\/index.php\/wp-json\/wp\/v2\/pages"}],"about":[{"href":"https:\/\/szkola1.pl\/index.php\/wp-json\/wp\/v2\/types\/page"}],"author":[{"embeddable":true,"href":"https:\/\/szkola1.pl\/index.php\/wp-json\/wp\/v2\/users\/2"}],"replies":[{"embeddable":true,"href":"https:\/\/szkola1.pl\/index.php\/wp-json\/wp\/v2\/comments?post=1385"}],"version-history":[{"count":5,"href":"https:\/\/szkola1.pl\/index.php\/wp-json\/wp\/v2\/pages\/1385\/revisions"}],"predecessor-version":[{"id":8083,"href":"https:\/\/szkola1.pl\/index.php\/wp-json\/wp\/v2\/pages\/1385\/revisions\/8083"}],"wp:attachment":[{"href":"https:\/\/szkola1.pl\/index.php\/wp-json\/wp\/v2\/media?parent=1385"}],"curies":[{"name":"wp","href":"https:\/\/api.w.org\/{rel}","templated":true}]}}